{"id":738,"date":"2018-08-29T17:01:56","date_gmt":"2018-08-29T20:01:56","guid":{"rendered":"https:\/\/cpehuajo-bue.infd.edu.ar\/sitio\/autoridades\/"},"modified":"2020-03-19T15:37:56","modified_gmt":"2020-03-19T18:37:56","slug":"autoridades","status":"publish","type":"page","link":"https:\/\/cpehuajo-bue.infd.edu.ar\/sitio\/autoridades\/","title":{"rendered":"Autoridades"},"content":{"rendered":"<p>Directora: Clarisa VILLANUEVA<\/p>\n<p>Vicedirector: Carlos OTERO<\/p>\n<p>Jefa de \u00c1rea: Clara Mullen<\/p>\n<p>Secretario: Mart\u00edn HERN\u00c1NDEZ<\/p>\n<hr \/>\n","protected":false},"excerpt":{"rendered":"<p>Directora: Clarisa VILLANUEVA Vicedirector: Carlos OTERO Jefa de \u00c1rea: Clara Mullen Secretario: Mart\u00edn HERN\u00c1NDEZ<\/p>\n","protected":false},"author":27,"featured_media":0,"parent":0,"menu_order":0,"comment_status":"closed","ping_status":"closed","template":"","meta":[],"acf":[],"_links":{"self":[{"href":"https:\/\/cpehuajo-bue.infd.edu.ar\/sitio\/wp-json\/wp\/v2\/pages\/738"}],"collection":[{"href":"https:\/\/cpehuajo-bue.infd.edu.ar\/sitio\/wp-json\/wp\/v2\/pages"}],"about":[{"href":"https:\/\/cpehuajo-bue.infd.edu.ar\/sitio\/wp-json\/wp\/v2\/types\/page"}],"author":[{"embeddable":true,"href":"https:\/\/cpehuajo-bue.infd.edu.ar\/sitio\/wp-json\/wp\/v2\/users\/27"}],"replies":[{"embeddable":true,"href":"https:\/\/cpehuajo-bue.infd.edu.ar\/sitio\/wp-json\/wp\/v2\/comments?post=738"}],"version-history":[{"count":1,"href":"https:\/\/cpehuajo-bue.infd.edu.ar\/sitio\/wp-json\/wp\/v2\/pages\/738\/revisions"}],"predecessor-version":[{"id":757,"href":"https:\/\/cpehuajo-bue.infd.edu.ar\/sitio\/wp-json\/wp\/v2\/pages\/738\/revisions\/757"}],"wp:attachment":[{"href":"https:\/\/cpehuajo-bue.infd.edu.ar\/sitio\/wp-json\/wp\/v2\/media?parent=738"}],"curies":[{"name":"wp","href":"https:\/\/api.w.org\/{rel}","templated":true}]}}